{"id":6278,"date":"2023-06-03T10:08:18","date_gmt":"2023-06-03T09:08:18","guid":{"rendered":"https:\/\/amazighstyles.com\/?page_id=6278"},"modified":"2023-06-06T15:31:05","modified_gmt":"2023-06-06T14:31:05","slug":"politique-de-confidentialite","status":"publish","type":"page","link":"https:\/\/amazighstyles.com\/?page_id=6278","title":{"rendered":"politique de confidentialit\u00e9"},"content":{"rendered":"\t\t<div data-elementor-type=\"wp-page\" data-elementor-id=\"6278\" class=\"elementor elementor-6278\">\n\t\t\t\t\t\t\t<div class=\"elementor-element elementor-element-50c4516 e-con-boxed e-flex e-con\" data-id=\"50c4516\" data-element_type=\"container\" data-settings=\"{&quot;background_background&quot;:&quot;classic&quot;,&quot;content_width&quot;:&quot;boxed&quot;}\">\n\t\t\t\t\t<div class=\"e-con-inner\">\n\t\t\t\t<div class=\"elementor-element elementor-element-aa4c107 elementor-widget elementor-widget-spacer\" data-id=\"aa4c107\" data-element_type=\"widget\" data-widget_type=\"spacer.default\">\n\t\t\t\t<div class=\"elementor-widget-container\">\n\t\t\t<style>\/*! elementor - v3.13.3 - 28-05-2023 *\/\n.elementor-column .elementor-spacer-inner{height:var(--spacer-size)}.e-con{--container-widget-width:100%}.e-con-inner>.elementor-widget-spacer,.e-con>.elementor-widget-spacer{width:var(--container-widget-width,var(--spacer-size));--align-self:var(--container-widget-align-self,initial);--flex-shrink:0}.e-con-inner>.elementor-widget-spacer>.elementor-widget-container,.e-con-inner>.elementor-widget-spacer>.elementor-widget-container>.elementor-spacer,.e-con>.elementor-widget-spacer>.elementor-widget-container,.e-con>.elementor-widget-spacer>.elementor-widget-container>.elementor-spacer{height:100%}.e-con-inner>.elementor-widget-spacer>.elementor-widget-container>.elementor-spacer>.elementor-spacer-inner,.e-con>.elementor-widget-spacer>.elementor-widget-container>.elementor-spacer>.elementor-spacer-inner{height:var(--container-widget-height,var(--spacer-size))}<\/style>\t\t<div class=\"elementor-spacer\">\n\t\t\t<div class=\"elementor-spacer-inner\"><\/div>\n\t\t<\/div>\n\t\t\t\t<\/div>\n\t\t\t\t<\/div>\n\t\t\t\t<div class=\"elementor-element elementor-element-0d83520 elementor-widget elementor-widget-heading\" data-id=\"0d83520\" data-element_type=\"widget\" data-widget_type=\"heading.default\">\n\t\t\t\t<div class=\"elementor-widget-container\">\n\t\t\t<style>\/*! elementor - v3.13.3 - 28-05-2023 *\/\n.elementor-heading-title{padding:0;margin:0;line-height:1}.elementor-widget-heading .elementor-heading-title[class*=elementor-size-]>a{color:inherit;font-size:inherit;line-height:inherit}.elementor-widget-heading .elementor-heading-title.elementor-size-small{font-size:15px}.elementor-widget-heading .elementor-heading-title.elementor-size-medium{font-size:19px}.elementor-widget-heading .elementor-heading-title.elementor-size-large{font-size:29px}.elementor-widget-heading .elementor-heading-title.elementor-size-xl{font-size:39px}.elementor-widget-heading .elementor-heading-title.elementor-size-xxl{font-size:59px}<\/style><h5 class=\"elementor-heading-title elementor-size-default\">politique de confidentialit\u00e9<\/h5>\t\t<\/div>\n\t\t\t\t<\/div>\n\t\t\t\t<div class=\"elementor-element elementor-element-30d0112 elementor-widget elementor-widget-text-editor\" data-id=\"30d0112\" data-element_type=\"widget\" data-widget_type=\"text-editor.default\">\n\t\t\t\t<div class=\"elementor-widget-container\">\n\t\t\t<style>\/*! elementor - v3.13.3 - 28-05-2023 *\/\n.elementor-widget-text-editor.elementor-drop-cap-view-stacked .elementor-drop-cap{background-color:#69727d;color:#fff}.elementor-widget-text-editor.elementor-drop-cap-view-framed .elementor-drop-cap{color:#69727d;border:3px solid;background-color:transparent}.elementor-widget-text-editor:not(.elementor-drop-cap-view-default) .elementor-drop-cap{margin-top:8px}.elementor-widget-text-editor:not(.elementor-drop-cap-view-default) .elementor-drop-cap-letter{width:1em;height:1em}.elementor-widget-text-editor .elementor-drop-cap{float:left;text-align:center;line-height:1;font-size:50px}.elementor-widget-text-editor .elementor-drop-cap-letter{display:inline-block}<\/style>\t\t\t\t<p>Nous\u00a0 vous informe de nos politiques concernant la collecte, l&#8217;utilisation et la divulgation des informations personnelles que nous recevons des utilisateurs du Service.<\/p><p>Nous utilisons vos informations personnelles uniquement pour fournir et am\u00e9liorer le Service. En utilisant le Service, vous acceptez la collecte et l&#8217;utilisation des informations conform\u00e9ment \u00e0 cette politique.<\/p><p>Collecte et utilisation des informations<\/p><p>Lors de l&#8217;utilisation de notre Service, il se peut que nous vous demandions de nous fournir certaines informations personnelles identifiables qui peuvent \u00eatre utilis\u00e9es pour vous contacter ou vous identifier. Les informations personnelles identifiables peuvent inclure, sans s&#8217;y limiter, votre nom, votre adresse e-mail, votre num\u00e9ro de t\u00e9l\u00e9phone, votre adresse de livraison, votre adresse de facturation et vos coordonn\u00e9es de paiement (&#8220;Informations personnelles&#8221;).<\/p><p><strong>Donn\u00e9es de connexion<\/strong><\/p><p>Nous collectons des informations que votre navigateur envoie lorsque vous visitez notre Service (&#8220;Donn\u00e9es de connexion&#8221;). Ces donn\u00e9es de connexion peuvent inclure des informations telles que l&#8217;adresse de protocole Internet (&#8220;IP&#8221;) de votre ordinateur, le type de navigateur, la version du navigateur, les pages de notre Service que vous visitez, l&#8217;heure et la date de votre visite, le temps pass\u00e9 sur ces pages et d&#8217;autres statistiques.<\/p><p><strong>Cookies<\/strong><\/p><p>Les cookies sont des fichiers contenant une petite quantit\u00e9 de donn\u00e9es, qui peuvent inclure un identifiant unique anonyme. Les cookies sont envoy\u00e9s \u00e0 votre navigateur \u00e0 partir d&#8217;un site web et stock\u00e9s sur le disque dur de votre ordinateur.<\/p><p>Nous utilisons des cookies pour collecter des informations afin d&#8217;am\u00e9liorer nos services pour vous. Vous avez la possibilit\u00e9 d&#8217;accepter ou de refuser ces cookies et de savoir quand un cookie est envoy\u00e9 \u00e0 votre ordinateur. Si vous choisissez de refuser nos cookies, il se peut que vous ne puissiez pas utiliser certaines parties de notre Service.<\/p><p><strong>Prestataires de services<\/strong><\/p><p>Il se peut que nous fassions appel \u00e0 des soci\u00e9t\u00e9s tierces et \u00e0 des particuliers pour faciliter notre Service, pour fournir le Service en notre nom, pour effectuer des services li\u00e9s au Service ou pour nous aider \u00e0 analyser la fa\u00e7on dont notre Service est utilis\u00e9.<\/p><p>Ces tiers ont acc\u00e8s \u00e0 vos informations personnelles uniquement pour effectuer ces t\u00e2ches en notre nom et sont tenus de ne pas les divulguer ni de les utiliser \u00e0 d&#8217;autres fins.<\/p><p><strong>S\u00e9curit\u00e9<\/strong><\/p><p>La s\u00e9curit\u00e9 de vos informations personnelles est importante pour nous, mais n&#8217;oubliez pas qu&#8217;aucune m\u00e9thode de transmission sur Internet ou de stockage \u00e9lectronique n&#8217;est s\u00fbre \u00e0 100%. Bien que nous nous efforcions d&#8217;utiliser des moyens commercialement acceptables pour prot\u00e9ger vos informations personnelles, nous ne pouvons pas garantir leur s\u00e9curit\u00e9 absolue.<\/p>\t\t\t\t\t\t<\/div>\n\t\t\t\t<\/div>\n\t\t\t\t\t<\/div>\n\t\t\t\t<\/div>\n\t\t\t\t\t\t\t<\/div>\n\t\t","protected":false},"excerpt":{"rendered":"<p>politique de confidentialit\u00e9 Nous\u00a0 vous informe de nos politiques concernant la collecte, l&#8217;utilisation et la divulgation des informations personnelles que nous recevons des utilisateurs du Service. Nous utilisons vos informations personnelles uniquement pour fournir et am\u00e9liorer le Service. En utilisant le Service, vous acceptez la collecte et l&#8217;utilisation des informations conform\u00e9ment \u00e0 cette politique. Collecte &hellip;<\/p>\n<p class=\"read-more\"> <a class=\"\" href=\"https:\/\/amazighstyles.com\/?page_id=6278\"> <span class=\"screen-reader-text\">politique de confidentialit\u00e9<\/span> Lire la suite\u00a0\u00bb<\/a><\/p>\n","protected":false},"author":1,"featured_media":0,"parent":0,"menu_order":6,"comment_status":"closed","ping_status":"closed","template":"","meta":{"_uag_custom_page_level_css":"","_mi_skip_tracking":false,"_monsterinsights_sitenote_active":false,"_monsterinsights_sitenote_note":"","_monsterinsights_sitenote_category":0,"site-sidebar-layout":"no-sidebar","site-content-layout":"page-builder","ast-global-header-display":"","ast-banner-title-visibility":"","ast-main-header-display":"","ast-hfb-above-header-display":"","ast-hfb-below-header-display":"","ast-hfb-mobile-header-display":"","site-post-title":"disabled","ast-breadcrumbs-content":"","ast-featured-img":"disabled","footer-sml-layout":"","theme-transparent-header-meta":"","adv-header-id-meta":"","stick-header-meta":"","header-above-stick-meta":"","header-main-stick-meta":"","header-below-stick-meta":"","footnotes":""},"class_list":["post-6278","page","type-page","status-publish","hentry"],"uagb_featured_image_src":{"full":false,"thumbnail":false,"medium":false,"medium_large":false,"large":false,"1536x1536":false,"2048x2048":false,"hp_square_small":false,"hp_landscape_small":false,"hp_landscape_large":false,"mailpoet_newsletter_max":false,"woocommerce_thumbnail":false,"woocommerce_single":false,"woocommerce_gallery_thumbnail":false},"uagb_author_info":{"display_name":"Elhassan","author_link":"https:\/\/amazighstyles.com\/?author=1"},"uagb_comment_info":0,"uagb_excerpt":"politique de confidentialit\u00e9 Nous\u00a0 vous informe de nos politiques concernant la collecte, l&#8217;utilisation et la divulgation des informations personnelles que nous recevons des utilisateurs du Service. Nous utilisons vos informations personnelles uniquement pour fournir et am\u00e9liorer le Service. En utilisant le Service, vous acceptez la collecte et l&#8217;utilisation des informations conform\u00e9ment \u00e0 cette politique. Collecte\u2026","_links":{"self":[{"href":"https:\/\/amazighstyles.com\/index.php?rest_route=\/wp\/v2\/pages\/6278","targetHints":{"allow":["GET"]}}],"collection":[{"href":"https:\/\/amazighstyles.com\/index.php?rest_route=\/wp\/v2\/pages"}],"about":[{"href":"https:\/\/amazighstyles.com\/index.php?rest_route=\/wp\/v2\/types\/page"}],"author":[{"embeddable":true,"href":"https:\/\/amazighstyles.com\/index.php?rest_route=\/wp\/v2\/users\/1"}],"replies":[{"embeddable":true,"href":"https:\/\/amazighstyles.com\/index.php?rest_route=%2Fwp%2Fv2%2Fcomments&post=6278"}],"version-history":[{"count":7,"href":"https:\/\/amazighstyles.com\/index.php?rest_route=\/wp\/v2\/pages\/6278\/revisions"}],"predecessor-version":[{"id":6377,"href":"https:\/\/amazighstyles.com\/index.php?rest_route=\/wp\/v2\/pages\/6278\/revisions\/6377"}],"wp:attachment":[{"href":"https:\/\/amazighstyles.com\/index.php?rest_route=%2Fwp%2Fv2%2Fmedia&parent=6278"}],"curies":[{"name":"wp","href":"https:\/\/api.w.org\/{rel}","templated":true}]}}