{"id":6284,"date":"2023-06-03T10:15:26","date_gmt":"2023-06-03T09:15:26","guid":{"rendered":"https:\/\/amazighstyles.com\/?page_id=6284"},"modified":"2023-06-06T15:31:53","modified_gmt":"2023-06-06T14:31:53","slug":"condition-dutilisation","status":"publish","type":"page","link":"https:\/\/amazighstyles.com\/?page_id=6284","title":{"rendered":"Condition d&#8217;utilisation"},"content":{"rendered":"\t\t<div data-elementor-type=\"wp-page\" data-elementor-id=\"6284\" class=\"elementor elementor-6284\">\n\t\t\t\t\t\t\t<div class=\"elementor-element elementor-element-894e9e5 e-con-boxed e-flex e-con\" data-id=\"894e9e5\" data-element_type=\"container\" data-settings=\"{&quot;background_background&quot;:&quot;classic&quot;,&quot;content_width&quot;:&quot;boxed&quot;}\">\n\t\t\t\t\t<div class=\"e-con-inner\">\n\t\t\t\t<div class=\"elementor-element elementor-element-8c09a8e elementor-widget elementor-widget-spacer\" data-id=\"8c09a8e\" data-element_type=\"widget\" data-widget_type=\"spacer.default\">\n\t\t\t\t<div class=\"elementor-widget-container\">\n\t\t\t<style>\/*! elementor - v3.13.3 - 28-05-2023 *\/\n.elementor-column .elementor-spacer-inner{height:var(--spacer-size)}.e-con{--container-widget-width:100%}.e-con-inner>.elementor-widget-spacer,.e-con>.elementor-widget-spacer{width:var(--container-widget-width,var(--spacer-size));--align-self:var(--container-widget-align-self,initial);--flex-shrink:0}.e-con-inner>.elementor-widget-spacer>.elementor-widget-container,.e-con-inner>.elementor-widget-spacer>.elementor-widget-container>.elementor-spacer,.e-con>.elementor-widget-spacer>.elementor-widget-container,.e-con>.elementor-widget-spacer>.elementor-widget-container>.elementor-spacer{height:100%}.e-con-inner>.elementor-widget-spacer>.elementor-widget-container>.elementor-spacer>.elementor-spacer-inner,.e-con>.elementor-widget-spacer>.elementor-widget-container>.elementor-spacer>.elementor-spacer-inner{height:var(--container-widget-height,var(--spacer-size))}<\/style>\t\t<div class=\"elementor-spacer\">\n\t\t\t<div class=\"elementor-spacer-inner\"><\/div>\n\t\t<\/div>\n\t\t\t\t<\/div>\n\t\t\t\t<\/div>\n\t\t\t\t<div class=\"elementor-element elementor-element-69bff8c elementor-widget elementor-widget-text-editor\" data-id=\"69bff8c\" data-element_type=\"widget\" data-widget_type=\"text-editor.default\">\n\t\t\t\t<div class=\"elementor-widget-container\">\n\t\t\t<style>\/*! elementor - v3.13.3 - 28-05-2023 *\/\n.elementor-widget-text-editor.elementor-drop-cap-view-stacked .elementor-drop-cap{background-color:#69727d;color:#fff}.elementor-widget-text-editor.elementor-drop-cap-view-framed .elementor-drop-cap{color:#69727d;border:3px solid;background-color:transparent}.elementor-widget-text-editor:not(.elementor-drop-cap-view-default) .elementor-drop-cap{margin-top:8px}.elementor-widget-text-editor:not(.elementor-drop-cap-view-default) .elementor-drop-cap-letter{width:1em;height:1em}.elementor-widget-text-editor .elementor-drop-cap{float:left;text-align:center;line-height:1;font-size:50px}.elementor-widget-text-editor .elementor-drop-cap-letter{display:inline-block}<\/style>\t\t\t\t<p><strong>Conditions g\u00e9n\u00e9rales<\/strong><\/p><p><span style=\"font-style: inherit; font-weight: inherit; text-align: var(--text-align); background-color: var(--ast-global-color-4); color: var(--ast-global-color-3);\">Votre acc\u00e8s et votre utilisation du Site sont conditionn\u00e9s par votre acceptation et votre conformit\u00e9 \u00e0 ces Conditions. Ces Conditions s&#8217;appliquent \u00e0 tous les visiteurs, utilisateurs et autres personnes qui acc\u00e8dent ou utilisent le Site.<\/span><\/p><p>En acc\u00e9dant ou en utilisant le Site, vous acceptez d&#8217;\u00eatre li\u00e9 par ces Conditions. Si vous \u00eates en d\u00e9saccord avec une partie quelconque des Conditions, vous ne devez pas acc\u00e9der au Site.<\/p><p><strong>Contenu<\/strong><\/p><p>Notre Site permet de visualiser, et de vendre divers produits . Le Contenu du Site est fourni \u00e0 titre informatif uniquement et ne constitue pas une garantie quant \u00e0 la disponibilit\u00e9, l&#8217;exactitude ou l&#8217;exhaustivit\u00e9 des produits, services ou informations pr\u00e9sent\u00e9s.<\/p><p><strong>Achats<\/strong><\/p><p>Si vous souhaitez acheter des produits ou services disponibles sur notre Site, vous pouvez \u00eatre amen\u00e9 \u00e0 fournir certaines informations personnelles, y compris, sans s&#8217;y limiter, votre nom, votre adresse de livraison, votre adresse e-mail et vos informations de paiement. En effectuant un achat, vous garantissez que les informations fournies sont exactes, compl\u00e8tes et \u00e0 jour. Vous acceptez \u00e9galement de ne pas utiliser de moyens frauduleux ou non autoris\u00e9s pour effectuer des achats sur le Site.<\/p><p><strong>Paiements<\/strong><\/p><p style=\"margin-bottom: 15px; color: #1a1a1a; font-family: Lato, sans-serif; font-size: 14px; font-style: normal; font-weight: 400;\">le paiement \u00e0 la livraison est l&#8217;un des modes de paiement disponibles sur notre boutique, et le paiement \u00e0 la r\u00e9ception signifie que le client peut acheter via notre boutique en ligne et choisir le produit qu&#8217;il souhaite, puis passer la commande et choisir le mode de paiement \u00e0 la r\u00e9ception du produit. Ce qui signifie que le processus de paiement est diff\u00e9r\u00e9 jusqu&#8217;\u00e0 que le client re\u00e7oit le produit qu&#8217;il a command\u00e9 en ligne.<\/p><p><strong><span style=\"font-style: inherit; text-align: var(--text-align); background-color: var(--ast-global-color-4); color: var(--ast-global-color-3);\">Livraison<\/span><\/strong><\/p><p>Nous nous effor\u00e7ons de livrer les produits command\u00e9s dans les d\u00e9lais indiqu\u00e9s sur notre Site. Les d\u00e9lais de livraison peuvent varier en fonction de divers facteurs, tels que la disponibilit\u00e9 des produits, votre emplacement et les services de livraison. Nous ne serons pas responsables des retards de livraison ind\u00e9pendants de notre volont\u00e9.<\/p><p><strong>Propri\u00e9t\u00e9 intellectuelle<\/strong><\/p><p>Le Site et son contenu, y compris mais sans s&#8217;y limiter, les textes, images, graphiques, logos et logiciels, sont prot\u00e9g\u00e9s par des droits de propri\u00e9t\u00e9 intellectuelle et appartiennent \u00e0 [Nom de la soci\u00e9t\u00e9] ou \u00e0 ses conc\u00e9dants de licence. Vous n&#8217;\u00eates pas autoris\u00e9 \u00e0 reproduire, distribuer, afficher publiquement, ex\u00e9cuter publiquement, pr\u00e9parer des \u0153uvres d\u00e9riv\u00e9es, modifier ou utiliser de quelque mani\u00e8re que ce soit le contenu du Site sans notre consentement \u00e9crit pr\u00e9alable.<\/p><p><strong>Limitation de responsabilit\u00e9<\/strong><\/p><p>Dans toute la mesure permise par la loi, nous d\u00e9clinons toute responsabilit\u00e9 pour tout dommage direct, indirect, accessoire, sp\u00e9cial, cons\u00e9cutif ou exemplaire d\u00e9coulant de votre acc\u00e8s ou de votre utilisation du Site ou de tout contenu ou produit obtenu par le biais du Site.<\/p><p><strong>Modification des conditions<\/strong><\/p><p>Nous nous r\u00e9servons<\/p>\t\t\t\t\t\t<\/div>\n\t\t\t\t<\/div>\n\t\t\t\t\t<\/div>\n\t\t\t\t<\/div>\n\t\t\t\t\t\t\t<\/div>\n\t\t","protected":false},"excerpt":{"rendered":"<p>Conditions g\u00e9n\u00e9rales Votre acc\u00e8s et votre utilisation du Site sont conditionn\u00e9s par votre acceptation et votre conformit\u00e9 \u00e0 ces Conditions. Ces Conditions s&#8217;appliquent \u00e0 tous les visiteurs, utilisateurs et autres personnes qui acc\u00e8dent ou utilisent le Site. En acc\u00e9dant ou en utilisant le Site, vous acceptez d&#8217;\u00eatre li\u00e9 par ces Conditions. Si vous \u00eates en &hellip;<\/p>\n<p class=\"read-more\"> <a class=\"\" href=\"https:\/\/amazighstyles.com\/?page_id=6284\"> <span class=\"screen-reader-text\">Condition d&#8217;utilisation<\/span> Lire la suite\u00a0\u00bb<\/a><\/p>\n","protected":false},"author":1,"featured_media":0,"parent":0,"menu_order":7,"comment_status":"closed","ping_status":"closed","template":"","meta":{"_uag_custom_page_level_css":"","_mi_skip_tracking":false,"_monsterinsights_sitenote_active":false,"_monsterinsights_sitenote_note":"","_monsterinsights_sitenote_category":0,"site-sidebar-layout":"no-sidebar","site-content-layout":"page-builder","ast-global-header-display":"","ast-banner-title-visibility":"","ast-main-header-display":"","ast-hfb-above-header-display":"","ast-hfb-below-header-display":"","ast-hfb-mobile-header-display":"","site-post-title":"disabled","ast-breadcrumbs-content":"","ast-featured-img":"disabled","footer-sml-layout":"","theme-transparent-header-meta":"","adv-header-id-meta":"","stick-header-meta":"","header-above-stick-meta":"","header-main-stick-meta":"","header-below-stick-meta":"","footnotes":""},"class_list":["post-6284","page","type-page","status-publish","hentry"],"uagb_featured_image_src":{"full":false,"thumbnail":false,"medium":false,"medium_large":false,"large":false,"1536x1536":false,"2048x2048":false,"hp_square_small":false,"hp_landscape_small":false,"hp_landscape_large":false,"mailpoet_newsletter_max":false,"woocommerce_thumbnail":false,"woocommerce_single":false,"woocommerce_gallery_thumbnail":false},"uagb_author_info":{"display_name":"Elhassan","author_link":"https:\/\/amazighstyles.com\/?author=1"},"uagb_comment_info":0,"uagb_excerpt":"Conditions g\u00e9n\u00e9rales Votre acc\u00e8s et votre utilisation du Site sont conditionn\u00e9s par votre acceptation et votre conformit\u00e9 \u00e0 ces Conditions. Ces Conditions s&#8217;appliquent \u00e0 tous les visiteurs, utilisateurs et autres personnes qui acc\u00e8dent ou utilisent le Site. En acc\u00e9dant ou en utilisant le Site, vous acceptez d&#8217;\u00eatre li\u00e9 par ces Conditions. Si vous \u00eates en\u2026","_links":{"self":[{"href":"https:\/\/amazighstyles.com\/index.php?rest_route=\/wp\/v2\/pages\/6284","targetHints":{"allow":["GET"]}}],"collection":[{"href":"https:\/\/amazighstyles.com\/index.php?rest_route=\/wp\/v2\/pages"}],"about":[{"href":"https:\/\/amazighstyles.com\/index.php?rest_route=\/wp\/v2\/types\/page"}],"author":[{"embeddable":true,"href":"https:\/\/amazighstyles.com\/index.php?rest_route=\/wp\/v2\/users\/1"}],"replies":[{"embeddable":true,"href":"https:\/\/amazighstyles.com\/index.php?rest_route=%2Fwp%2Fv2%2Fcomments&post=6284"}],"version-history":[{"count":7,"href":"https:\/\/amazighstyles.com\/index.php?rest_route=\/wp\/v2\/pages\/6284\/revisions"}],"predecessor-version":[{"id":6380,"href":"https:\/\/amazighstyles.com\/index.php?rest_route=\/wp\/v2\/pages\/6284\/revisions\/6380"}],"wp:attachment":[{"href":"https:\/\/amazighstyles.com\/index.php?rest_route=%2Fwp%2Fv2%2Fmedia&parent=6284"}],"curies":[{"name":"wp","href":"https:\/\/api.w.org\/{rel}","templated":true}]}}