{"id":96,"date":"2018-06-18T06:57:57","date_gmt":"2018-06-18T05:57:57","guid":{"rendered":"https:\/\/amazighstyles.com\/?page_id=96"},"modified":"2023-06-03T11:53:24","modified_gmt":"2023-06-03T10:53:24","slug":"a-propos","status":"publish","type":"page","link":"https:\/\/amazighstyles.com\/?page_id=96","title":{"rendered":"A PROPOS"},"content":{"rendered":"\t\t<div data-elementor-type=\"wp-post\" data-elementor-id=\"96\" class=\"elementor elementor-96\">\n\t\t\t\t\t\t\t\t\t<section class=\"elementor-section elementor-top-section elementor-element elementor-element-7af1913 elementor-section-content-middle elementor-section-boxed elementor-section-height-default elementor-section-height-default\" data-id=\"7af1913\" data-element_type=\"section\" data-settings=\"{&quot;background_background&quot;:&quot;classic&quot;}\">\n\t\t\t\t\t\t\t<div class=\"elementor-background-overlay\"><\/div>\n\t\t\t\t\t\t\t<div class=\"elementor-container elementor-column-gap-default\">\n\t\t\t\t\t<div class=\"elementor-column elementor-col-100 elementor-top-column elementor-element elementor-element-6ed6cac\" data-id=\"6ed6cac\" data-element_type=\"column\">\n\t\t\t<div class=\"elementor-widget-wrap elementor-element-populated\">\n\t\t\t\t\t\t\t\t<div class=\"elementor-element elementor-element-285c924 elementor-widget elementor-widget-heading\" data-id=\"285c924\" data-element_type=\"widget\" data-widget_type=\"heading.default\">\n\t\t\t\t<div class=\"elementor-widget-container\">\n\t\t\t<style>\/*! elementor - v3.13.3 - 28-05-2023 *\/\n.elementor-heading-title{padding:0;margin:0;line-height:1}.elementor-widget-heading .elementor-heading-title[class*=elementor-size-]>a{color:inherit;font-size:inherit;line-height:inherit}.elementor-widget-heading .elementor-heading-title.elementor-size-small{font-size:15px}.elementor-widget-heading .elementor-heading-title.elementor-size-medium{font-size:19px}.elementor-widget-heading .elementor-heading-title.elementor-size-large{font-size:29px}.elementor-widget-heading .elementor-heading-title.elementor-size-xl{font-size:39px}.elementor-widget-heading .elementor-heading-title.elementor-size-xxl{font-size:59px}<\/style><h1 class=\"elementor-heading-title elementor-size-default\">A propos<\/h1>\t\t<\/div>\n\t\t\t\t<\/div>\n\t\t\t\t\t<\/div>\n\t\t<\/div>\n\t\t\t\t\t\t\t<\/div>\n\t\t<\/section>\n\t\t\t\t<section class=\"elementor-section elementor-top-section elementor-element elementor-element-7c3707c elementor-section-boxed elementor-section-height-default elementor-section-height-default\" data-id=\"7c3707c\" data-element_type=\"section\">\n\t\t\t\t\t\t<div class=\"elementor-container elementor-column-gap-default\">\n\t\t\t\t\t<div class=\"elementor-column elementor-col-100 elementor-top-column elementor-element elementor-element-38aa418\" data-id=\"38aa418\" data-element_type=\"column\">\n\t\t\t<div class=\"elementor-widget-wrap elementor-element-populated\">\n\t\t\t\t\t\t\t\t<div class=\"elementor-element elementor-element-5d8900d elementor-widget elementor-widget-image\" data-id=\"5d8900d\" data-element_type=\"widget\" data-widget_type=\"image.default\">\n\t\t\t\t<div class=\"elementor-widget-container\">\n\t\t\t<style>\/*! elementor - v3.13.3 - 28-05-2023 *\/\n.elementor-widget-image{text-align:center}.elementor-widget-image a{display:inline-block}.elementor-widget-image a img[src$=\".svg\"]{width:48px}.elementor-widget-image img{vertical-align:middle;display:inline-block}<\/style>\t\t\t\t\t\t\t\t\t\t\t\t<img loading=\"lazy\" decoding=\"async\" width=\"441\" height=\"230\" src=\"https:\/\/amazighstyles.com\/wp-content\/uploads\/2023\/05\/cropped-Jaune_Forme_Jeux_et_Loisirs_Logo_T-shirt__1_-removebg-preview-removebg-preview-145x76.png\" class=\"attachment-full size-full wp-image-5976\" alt=\"\" srcset=\"https:\/\/amazighstyles.com\/wp-content\/uploads\/2023\/05\/cropped-Jaune_Forme_Jeux_et_Loisirs_Logo_T-shirt__1_-removebg-preview-removebg-preview.png 441w, https:\/\/amazighstyles.com\/wp-content\/uploads\/2023\/05\/cropped-Jaune_Forme_Jeux_et_Loisirs_Logo_T-shirt__1_-removebg-preview-removebg-preview-300x156.png 300w, https:\/\/amazighstyles.com\/wp-content\/uploads\/2023\/05\/cropped-Jaune_Forme_Jeux_et_Loisirs_Logo_T-shirt__1_-removebg-preview-removebg-preview-400x209.png 400w, https:\/\/amazighstyles.com\/wp-content\/uploads\/2023\/05\/cropped-Jaune_Forme_Jeux_et_Loisirs_Logo_T-shirt__1_-removebg-preview-removebg-preview-145x76.png 145w\" sizes=\"auto, (max-width: 441px) 100vw, 441px\" \/>\t\t\t\t\t\t\t\t\t\t\t\t\t\t\t<\/div>\n\t\t\t\t<\/div>\n\t\t\t\t\t<\/div>\n\t\t<\/div>\n\t\t\t\t\t\t\t<\/div>\n\t\t<\/section>\n\t\t\t\t<section class=\"elementor-section elementor-top-section elementor-element elementor-element-7d33ea6 elementor-section-boxed elementor-section-height-default elementor-section-height-default\" data-id=\"7d33ea6\" data-element_type=\"section\">\n\t\t\t\t\t\t<div class=\"elementor-container elementor-column-gap-default\">\n\t\t\t\t\t<div class=\"elementor-column elementor-col-50 elementor-top-column elementor-element elementor-element-827726c\" data-id=\"827726c\" data-element_type=\"column\">\n\t\t\t<div class=\"elementor-widget-wrap elementor-element-populated\">\n\t\t\t\t\t\t\t\t<div class=\"elementor-element elementor-element-173faf5 elementor-position-top elementor-vertical-align-top elementor-widget elementor-widget-image-box\" data-id=\"173faf5\" data-element_type=\"widget\" data-widget_type=\"image-box.default\">\n\t\t\t\t<div class=\"elementor-widget-container\">\n\t\t\t<style>\/*! elementor - v3.13.3 - 28-05-2023 *\/\n.elementor-widget-image-box .elementor-image-box-content{width:100%}@media (min-width:768px){.elementor-widget-image-box.elementor-position-left .elementor-image-box-wrapper,.elementor-widget-image-box.elementor-position-right .elementor-image-box-wrapper{display:flex}.elementor-widget-image-box.elementor-position-right .elementor-image-box-wrapper{text-align:right;flex-direction:row-reverse}.elementor-widget-image-box.elementor-position-left .elementor-image-box-wrapper{text-align:left;flex-direction:row}.elementor-widget-image-box.elementor-position-top .elementor-image-box-img{margin:auto}.elementor-widget-image-box.elementor-vertical-align-top .elementor-image-box-wrapper{align-items:flex-start}.elementor-widget-image-box.elementor-vertical-align-middle .elementor-image-box-wrapper{align-items:center}.elementor-widget-image-box.elementor-vertical-align-bottom .elementor-image-box-wrapper{align-items:flex-end}}@media (max-width:767px){.elementor-widget-image-box .elementor-image-box-img{margin-left:auto!important;margin-right:auto!important;margin-bottom:15px}}.elementor-widget-image-box .elementor-image-box-img{display:inline-block}.elementor-widget-image-box .elementor-image-box-title a{color:inherit}.elementor-widget-image-box .elementor-image-box-wrapper{text-align:center}.elementor-widget-image-box .elementor-image-box-description{margin:0}<\/style><div class=\"elementor-image-box-wrapper\"><div class=\"elementor-image-box-content\"><h2 class=\"elementor-image-box-title\">Global Pack<\/h2><p class=\"elementor-image-box-description\">lobal Pack est une soci\u00e9t\u00e9 sp\u00e9cialis\u00e9e dans le domaine de l'emballage, offrant une large gamme de solutions innovantes et durables pour r\u00e9pondre aux besoins de ses clients. Avec une pr\u00e9sence mondiale et une r\u00e9putation solide, Global Pack s'est impos\u00e9e comme un leader dans l'industrie de l'emballage.<\/p><\/div><\/div>\t\t<\/div>\n\t\t\t\t<\/div>\n\t\t\t\t<div class=\"elementor-element elementor-element-6a30081 elementor-widget elementor-widget-text-editor\" data-id=\"6a30081\" data-element_type=\"widget\" data-widget_type=\"text-editor.default\">\n\t\t\t\t<div class=\"elementor-widget-container\">\n\t\t\t<style>\/*! elementor - v3.13.3 - 28-05-2023 *\/\n.elementor-widget-text-editor.elementor-drop-cap-view-stacked .elementor-drop-cap{background-color:#69727d;color:#fff}.elementor-widget-text-editor.elementor-drop-cap-view-framed .elementor-drop-cap{color:#69727d;border:3px solid;background-color:transparent}.elementor-widget-text-editor:not(.elementor-drop-cap-view-default) .elementor-drop-cap{margin-top:8px}.elementor-widget-text-editor:not(.elementor-drop-cap-view-default) .elementor-drop-cap-letter{width:1em;height:1em}.elementor-widget-text-editor .elementor-drop-cap{float:left;text-align:center;line-height:1;font-size:50px}.elementor-widget-text-editor .elementor-drop-cap-letter{display:inline-block}<\/style>\t\t\t\t<p><strong>Notre soci\u00e9t\u00e9 offre une large gamme de produits d&#8217;emballage adapt\u00e9s \u00e0 divers secteurs tels que l&#8217;alimentation, les produits pharmaceutiques, les cosm\u00e9tiques, l&#8217;\u00e9lectronique et bien d&#8217;autres. Des bo\u00eetes en carton solides et attrayantes aux emballages flexibles et r\u00e9sistants, nous concevons des solutions sur mesure pour r\u00e9pondre aux besoins sp\u00e9cifiques de chaque client.<\/strong><\/p>\t\t\t\t\t\t<\/div>\n\t\t\t\t<\/div>\n\t\t\t\t\t<\/div>\n\t\t<\/div>\n\t\t\t\t<div class=\"elementor-column elementor-col-50 elementor-top-column elementor-element elementor-element-ce44ef3\" data-id=\"ce44ef3\" data-element_type=\"column\">\n\t\t\t<div class=\"elementor-widget-wrap elementor-element-populated\">\n\t\t\t\t\t\t\t\t<div class=\"elementor-element elementor-element-8ca35cc elementor-widget elementor-widget-image\" data-id=\"8ca35cc\" data-element_type=\"widget\" data-widget_type=\"image.default\">\n\t\t\t\t<div class=\"elementor-widget-container\">\n\t\t\t\t\t\t\t\t\t\t\t\t\t\t\t<img loading=\"lazy\" decoding=\"async\" width=\"1000\" height=\"1000\" src=\"https:\/\/amazighstyles.com\/wp-content\/uploads\/2018\/06\/diabetic-cookies.jpg\" class=\"attachment-large size-large wp-image-4218\" alt=\"\" srcset=\"https:\/\/amazighstyles.com\/wp-content\/uploads\/2018\/06\/diabetic-cookies.jpg 1000w, https:\/\/amazighstyles.com\/wp-content\/uploads\/2018\/06\/diabetic-cookies-100x100.jpg 100w, https:\/\/amazighstyles.com\/wp-content\/uploads\/2018\/06\/diabetic-cookies-400x400.jpg 400w, https:\/\/amazighstyles.com\/wp-content\/uploads\/2018\/06\/diabetic-cookies-300x300.jpg 300w, https:\/\/amazighstyles.com\/wp-content\/uploads\/2018\/06\/diabetic-cookies-150x150.jpg 150w, https:\/\/amazighstyles.com\/wp-content\/uploads\/2018\/06\/diabetic-cookies-768x768.jpg 768w\" sizes=\"auto, (max-width: 1000px) 100vw, 1000px\" \/>\t\t\t\t\t\t\t\t\t\t\t\t\t\t\t<\/div>\n\t\t\t\t<\/div>\n\t\t\t\t\t<\/div>\n\t\t<\/div>\n\t\t\t\t\t\t\t<\/div>\n\t\t<\/section>\n\t\t\t\t<section class=\"elementor-section elementor-top-section elementor-element elementor-element-aa3c457 elementor-section-content-middle elementor-section-boxed elementor-section-height-default elementor-section-height-default\" data-id=\"aa3c457\" data-element_type=\"section\" data-settings=\"{&quot;background_background&quot;:&quot;classic&quot;}\">\n\t\t\t\t\t\t<div class=\"elementor-container elementor-column-gap-default\">\n\t\t\t\t\t<div class=\"elementor-column elementor-col-25 elementor-top-column elementor-element elementor-element-7d27ca3\" data-id=\"7d27ca3\" data-element_type=\"column\">\n\t\t\t<div class=\"elementor-widget-wrap elementor-element-populated\">\n\t\t\t\t\t\t\t\t<div class=\"elementor-element elementor-element-2efe9a1 elementor-widget elementor-widget-heading\" data-id=\"2efe9a1\" data-element_type=\"widget\" data-widget_type=\"heading.default\">\n\t\t\t\t<div class=\"elementor-widget-container\">\n\t\t\t<h4 class=\"elementor-heading-title elementor-size-default\">Les chiffres parlent d'eux-m\u00eames !<\/h4>\t\t<\/div>\n\t\t\t\t<\/div>\n\t\t\t\t\t<\/div>\n\t\t<\/div>\n\t\t\t\t<div class=\"elementor-column elementor-col-25 elementor-top-column elementor-element elementor-element-6987376\" data-id=\"6987376\" data-element_type=\"column\">\n\t\t\t<div class=\"elementor-widget-wrap elementor-element-populated\">\n\t\t\t\t\t\t\t\t<div class=\"elementor-element elementor-element-c515849 elementor-widget elementor-widget-counter\" data-id=\"c515849\" data-element_type=\"widget\" data-widget_type=\"counter.default\">\n\t\t\t\t<div class=\"elementor-widget-container\">\n\t\t\t<style>\/*! elementor - v3.13.3 - 28-05-2023 *\/\n.elementor-counter .elementor-counter-number-wrapper{display:flex;font-size:69px;font-weight:600;line-height:1}.elementor-counter .elementor-counter-number-prefix,.elementor-counter .elementor-counter-number-suffix{flex-grow:1;white-space:pre-wrap}.elementor-counter .elementor-counter-number-prefix{text-align:right}.elementor-counter .elementor-counter-number-suffix{text-align:left}.elementor-counter .elementor-counter-title{text-align:center;font-size:19px;font-weight:400;line-height:2.5}<\/style>\t\t<div class=\"elementor-counter\">\n\t\t\t<div class=\"elementor-counter-number-wrapper\">\n\t\t\t\t<span class=\"elementor-counter-number-prefix\"><\/span>\n\t\t\t\t<span class=\"elementor-counter-number\" data-duration=\"2000\" data-to-value=\"100\" data-from-value=\"4800\" data-delimiter=\",\">4800<\/span>\n\t\t\t\t<span class=\"elementor-counter-number-suffix\">+<\/span>\n\t\t\t<\/div>\n\t\t\t\t\t\t\t<div class=\"elementor-counter-title\">Produits s\u00e9lectionn\u00e9s<\/div>\n\t\t\t\t\t<\/div>\n\t\t\t\t<\/div>\n\t\t\t\t<\/div>\n\t\t\t\t\t<\/div>\n\t\t<\/div>\n\t\t\t\t<div class=\"elementor-column elementor-col-25 elementor-top-column elementor-element elementor-element-df902d3\" data-id=\"df902d3\" data-element_type=\"column\">\n\t\t\t<div class=\"elementor-widget-wrap elementor-element-populated\">\n\t\t\t\t\t\t\t\t<div class=\"elementor-element elementor-element-8129cec elementor-widget elementor-widget-counter\" data-id=\"8129cec\" data-element_type=\"widget\" data-widget_type=\"counter.default\">\n\t\t\t\t<div class=\"elementor-widget-container\">\n\t\t\t\t\t<div class=\"elementor-counter\">\n\t\t\t<div class=\"elementor-counter-number-wrapper\">\n\t\t\t\t<span class=\"elementor-counter-number-prefix\"><\/span>\n\t\t\t\t<span class=\"elementor-counter-number\" data-duration=\"2000\" data-to-value=\"200\" data-from-value=\"\" data-delimiter=\",\"><\/span>\n\t\t\t\t<span class=\"elementor-counter-number-suffix\">+<\/span>\n\t\t\t<\/div>\n\t\t\t\t\t\t\t<div class=\"elementor-counter-title\">clients satisfaites<\/div>\n\t\t\t\t\t<\/div>\n\t\t\t\t<\/div>\n\t\t\t\t<\/div>\n\t\t\t\t\t<\/div>\n\t\t<\/div>\n\t\t\t\t<div class=\"elementor-column elementor-col-25 elementor-top-column elementor-element elementor-element-074ae51\" data-id=\"074ae51\" data-element_type=\"column\">\n\t\t\t<div class=\"elementor-widget-wrap elementor-element-populated\">\n\t\t\t\t\t\t\t\t<div class=\"elementor-element elementor-element-ca90815 elementor-widget elementor-widget-counter\" data-id=\"ca90815\" data-element_type=\"widget\" data-widget_type=\"counter.default\">\n\t\t\t\t<div class=\"elementor-widget-container\">\n\t\t\t\t\t<div class=\"elementor-counter\">\n\t\t\t<div class=\"elementor-counter-number-wrapper\">\n\t\t\t\t<span class=\"elementor-counter-number-prefix\"><\/span>\n\t\t\t\t<span class=\"elementor-counter-number\" data-duration=\"2000\" data-to-value=\"20\" data-from-value=\"\" data-delimiter=\",\"><\/span>\n\t\t\t\t<span class=\"elementor-counter-number-suffix\">+<\/span>\n\t\t\t<\/div>\n\t\t\t\t\t\t\t<div class=\"elementor-counter-title\">cat\u00e9gorie de produit<\/div>\n\t\t\t\t\t<\/div>\n\t\t\t\t<\/div>\n\t\t\t\t<\/div>\n\t\t\t\t\t<\/div>\n\t\t<\/div>\n\t\t\t\t\t\t\t<\/div>\n\t\t<\/section>\n\t\t<div class=\"elementor-element elementor-element-f415b05 e-con-boxed e-flex e-con\" data-id=\"f415b05\" data-element_type=\"container\" data-settings=\"{&quot;content_width&quot;:&quot;boxed&quot;}\">\n\t\t\t\t\t<div class=\"e-con-inner\">\n\t\t<div class=\"elementor-element elementor-element-f2474bc e-con-full e-flex e-con\" data-id=\"f2474bc\" data-element_type=\"container\" data-settings=\"{&quot;content_width&quot;:&quot;full&quot;}\">\n\t\t\t\t<div class=\"elementor-element elementor-element-63e3b6f elementor-widget elementor-widget-text-editor\" data-id=\"63e3b6f\" data-element_type=\"widget\" data-widget_type=\"text-editor.default\">\n\t\t\t\t<div class=\"elementor-widget-container\">\n\t\t\t\t\t\t\t<p><strong>La durabilit\u00e9 est un \u00e9l\u00e9ment cl\u00e9 de la philosophie de Global Pack. L&#8217;entreprise s&#8217;efforce de r\u00e9duire son impact sur l&#8217;environnement en proposant des emballages recyclables, biod\u00e9gradables et \u00e0 faible empreinte carbone. Elle investit \u00e9galement dans la recherche et le d\u00e9veloppement de mat\u00e9riaux d&#8217;emballage \u00e9cologiques et dans l&#8217;adoption de pratiques de fabrication respectueuses de l&#8217;environnement.<\/strong><\/p>\t\t\t\t\t\t<\/div>\n\t\t\t\t<\/div>\n\t\t\t\t<\/div>\n\t\t<div class=\"elementor-element elementor-element-fd5ef3f e-con-full e-flex e-con\" data-id=\"fd5ef3f\" data-element_type=\"container\" data-settings=\"{&quot;content_width&quot;:&quot;full&quot;}\">\n\t\t\t\t<div class=\"elementor-element elementor-element-2eb96af elementor-widget elementor-widget-image\" data-id=\"2eb96af\" data-element_type=\"widget\" data-widget_type=\"image.default\">\n\t\t\t\t<div class=\"elementor-widget-container\">\n\t\t\t\t\t\t\t\t\t\t\t\t\t\t\t<img loading=\"lazy\" decoding=\"async\" width=\"612\" height=\"408\" src=\"https:\/\/amazighstyles.com\/wp-content\/uploads\/2023\/06\/snapedit_1685377641779-removebg-preview.png\" class=\"attachment-large size-large wp-image-6227\" alt=\"\" srcset=\"https:\/\/amazighstyles.com\/wp-content\/uploads\/2023\/06\/snapedit_1685377641779-removebg-preview.png 612w, https:\/\/amazighstyles.com\/wp-content\/uploads\/2023\/06\/snapedit_1685377641779-removebg-preview-400x267.png 400w, https:\/\/amazighstyles.com\/wp-content\/uploads\/2023\/06\/snapedit_1685377641779-removebg-preview-300x200.png 300w\" sizes=\"auto, (max-width: 612px) 100vw, 612px\" \/>\t\t\t\t\t\t\t\t\t\t\t\t\t\t\t<\/div>\n\t\t\t\t<\/div>\n\t\t\t\t<\/div>\n\t\t\t\t\t<\/div>\n\t\t\t\t<\/div>\n\t\t<div class=\"elementor-element elementor-element-15914bb e-con-boxed e-flex e-con\" data-id=\"15914bb\" data-element_type=\"container\" data-settings=\"{&quot;content_width&quot;:&quot;boxed&quot;}\">\n\t\t\t\t\t<div class=\"e-con-inner\">\n\t\t\t\t<div class=\"elementor-element elementor-element-f0420ce elementor-widget elementor-widget-text-editor\" data-id=\"f0420ce\" data-element_type=\"widget\" data-widget_type=\"text-editor.default\">\n\t\t\t\t<div class=\"elementor-widget-container\">\n\t\t\t\t\t\t\t<p><strong>En plus de ses produits, Global Pack offre \u00e9galement des services complets \u00e0 ses clients. Cela comprend des services de conseil en emballage, des solutions d&#8217;impression personnalis\u00e9es, des tests de r\u00e9sistance et de performance, ainsi que des services logistiques pour assurer une livraison efficace et ponctuelle.<\/strong><\/p>\t\t\t\t\t\t<\/div>\n\t\t\t\t<\/div>\n\t\t\t\t\t<\/div>\n\t\t\t\t<\/div>\n\t\t<div class=\"elementor-element elementor-element-8e1f835 e-con-boxed e-flex e-con\" data-id=\"8e1f835\" data-element_type=\"container\" data-settings=\"{&quot;content_width&quot;:&quot;boxed&quot;}\">\n\t\t\t\t\t<div class=\"e-con-inner\">\n\t\t<div class=\"elementor-element elementor-element-6b09da2 e-con-full e-flex e-con\" data-id=\"6b09da2\" data-element_type=\"container\" data-settings=\"{&quot;content_width&quot;:&quot;full&quot;}\">\n\t\t\t\t<div class=\"elementor-element elementor-element-02fc9ef elementor-widget elementor-widget-image\" data-id=\"02fc9ef\" data-element_type=\"widget\" data-widget_type=\"image.default\">\n\t\t\t\t<div class=\"elementor-widget-container\">\n\t\t\t\t\t\t\t\t\t\t\t\t\t\t\t<img loading=\"lazy\" decoding=\"async\" width=\"634\" height=\"543\" src=\"https:\/\/amazighstyles.com\/wp-content\/uploads\/2021\/03\/organic-products-hero.png\" class=\"attachment-large size-large wp-image-4193\" alt=\"\" srcset=\"https:\/\/amazighstyles.com\/wp-content\/uploads\/2021\/03\/organic-products-hero.png 634w, https:\/\/amazighstyles.com\/wp-content\/uploads\/2021\/03\/organic-products-hero-400x343.png 400w, https:\/\/amazighstyles.com\/wp-content\/uploads\/2021\/03\/organic-products-hero-300x257.png 300w\" sizes=\"auto, (max-width: 634px) 100vw, 634px\" \/>\t\t\t\t\t\t\t\t\t\t\t\t\t\t\t<\/div>\n\t\t\t\t<\/div>\n\t\t\t\t<\/div>\n\t\t<div class=\"elementor-element elementor-element-5d77337 e-con-full e-flex e-con\" data-id=\"5d77337\" data-element_type=\"container\" data-settings=\"{&quot;content_width&quot;:&quot;full&quot;}\">\n\t\t\t\t<div class=\"elementor-element elementor-element-a83f57a elementor-widget elementor-widget-image\" data-id=\"a83f57a\" data-element_type=\"widget\" data-widget_type=\"image.default\">\n\t\t\t\t<div class=\"elementor-widget-container\">\n\t\t\t\t\t\t\t\t\t\t\t\t\t\t\t<img loading=\"lazy\" decoding=\"async\" width=\"826\" height=\"525\" src=\"https:\/\/amazighstyles.com\/wp-content\/uploads\/2023\/06\/boite-carton-renforce-p-image-29112-grande.png\" class=\"attachment-large size-large wp-image-6140\" alt=\"\" srcset=\"https:\/\/amazighstyles.com\/wp-content\/uploads\/2023\/06\/boite-carton-renforce-p-image-29112-grande.png 826w, https:\/\/amazighstyles.com\/wp-content\/uploads\/2023\/06\/boite-carton-renforce-p-image-29112-grande-400x254.png 400w, https:\/\/amazighstyles.com\/wp-content\/uploads\/2023\/06\/boite-carton-renforce-p-image-29112-grande-300x191.png 300w, https:\/\/amazighstyles.com\/wp-content\/uploads\/2023\/06\/boite-carton-renforce-p-image-29112-grande-768x488.png 768w\" sizes=\"auto, (max-width: 826px) 100vw, 826px\" \/>\t\t\t\t\t\t\t\t\t\t\t\t\t\t\t<\/div>\n\t\t\t\t<\/div>\n\t\t\t\t<\/div>\n\t\t<div class=\"elementor-element elementor-element-198f965 e-con-full e-flex e-con\" data-id=\"198f965\" data-element_type=\"container\" data-settings=\"{&quot;content_width&quot;:&quot;full&quot;}\">\n\t\t\t\t<div class=\"elementor-element elementor-element-423905e elementor-widget elementor-widget-image\" data-id=\"423905e\" data-element_type=\"widget\" data-widget_type=\"image.default\">\n\t\t\t\t<div class=\"elementor-widget-container\">\n\t\t\t\t\t\t\t\t\t\t\t\t\t\t\t<img loading=\"lazy\" decoding=\"async\" width=\"612\" height=\"408\" src=\"https:\/\/amazighstyles.com\/wp-content\/uploads\/2023\/06\/pile-boites-pizza-removebg-preview.png\" class=\"attachment-large size-large wp-image-6228\" alt=\"\" srcset=\"https:\/\/amazighstyles.com\/wp-content\/uploads\/2023\/06\/pile-boites-pizza-removebg-preview.png 612w, https:\/\/amazighstyles.com\/wp-content\/uploads\/2023\/06\/pile-boites-pizza-removebg-preview-400x267.png 400w, https:\/\/amazighstyles.com\/wp-content\/uploads\/2023\/06\/pile-boites-pizza-removebg-preview-300x200.png 300w\" sizes=\"auto, (max-width: 612px) 100vw, 612px\" \/>\t\t\t\t\t\t\t\t\t\t\t\t\t\t\t<\/div>\n\t\t\t\t<\/div>\n\t\t\t\t<\/div>\n\t\t<div class=\"elementor-element elementor-element-77895c6 e-con-full e-flex e-con\" data-id=\"77895c6\" data-element_type=\"container\" data-settings=\"{&quot;content_width&quot;:&quot;full&quot;}\">\n\t\t\t\t<div class=\"elementor-element elementor-element-3ded3b7 elementor-widget elementor-widget-image\" data-id=\"3ded3b7\" data-element_type=\"widget\" data-widget_type=\"image.default\">\n\t\t\t\t<div class=\"elementor-widget-container\">\n\t\t\t\t\t\t\t\t\t\t\t\t\t\t\t<img loading=\"lazy\" decoding=\"async\" width=\"500\" height=\"500\" src=\"https:\/\/amazighstyles.com\/wp-content\/uploads\/2023\/06\/Design-sans-titre-4.png\" class=\"attachment-large size-large wp-image-6229\" alt=\"\" srcset=\"https:\/\/amazighstyles.com\/wp-content\/uploads\/2023\/06\/Design-sans-titre-4.png 500w, https:\/\/amazighstyles.com\/wp-content\/uploads\/2023\/06\/Design-sans-titre-4-100x100.png 100w, https:\/\/amazighstyles.com\/wp-content\/uploads\/2023\/06\/Design-sans-titre-4-400x400.png 400w, https:\/\/amazighstyles.com\/wp-content\/uploads\/2023\/06\/Design-sans-titre-4-300x300.png 300w, https:\/\/amazighstyles.com\/wp-content\/uploads\/2023\/06\/Design-sans-titre-4-150x150.png 150w\" sizes=\"auto, (max-width: 500px) 100vw, 500px\" \/>\t\t\t\t\t\t\t\t\t\t\t\t\t\t\t<\/div>\n\t\t\t\t<\/div>\n\t\t\t\t<\/div>\n\t\t\t\t\t<\/div>\n\t\t\t\t<\/div>\n\t\t\t\t\t\t\t<\/div>\n\t\t","protected":false},"excerpt":{"rendered":"<p>A propos Global Pack lobal Pack est une soci\u00e9t\u00e9 sp\u00e9cialis\u00e9e dans le domaine de l&#8217;emballage, offrant une large gamme de solutions innovantes et durables pour r\u00e9pondre aux besoins de ses clients. Avec une pr\u00e9sence mondiale et une r\u00e9putation solide, Global Pack s&#8217;est impos\u00e9e comme un leader dans l&#8217;industrie de l&#8217;emballage. Notre soci\u00e9t\u00e9 offre une large &hellip;<\/p>\n<p class=\"read-more\"> <a class=\"\" href=\"https:\/\/amazighstyles.com\/?page_id=96\"> <span class=\"screen-reader-text\">A PROPOS<\/span> Lire la suite\u00a0\u00bb<\/a><\/p>\n","protected":false},"author":1,"featured_media":0,"parent":0,"menu_order":17,"comment_status":"closed","ping_status":"closed","template":"","meta":{"_uag_custom_page_level_css":"","_mi_skip_tracking":false,"_monsterinsights_sitenote_active":false,"_monsterinsights_sitenote_note":"","_monsterinsights_sitenote_category":0,"site-sidebar-layout":"no-sidebar","site-content-layout":"page-builder","ast-global-header-display":"","ast-banner-title-visibility":"","ast-main-header-display":"","ast-hfb-above-header-display":"","ast-hfb-below-header-display":"","ast-hfb-mobile-header-display":"","site-post-title":"disabled","ast-breadcrumbs-content":"","ast-featured-img":"disabled","footer-sml-layout":"","theme-transparent-header-meta":"enabled","adv-header-id-meta":"","stick-header-meta":"","header-above-stick-meta":"","header-main-stick-meta":"","header-below-stick-meta":"","footnotes":""},"class_list":["post-96","page","type-page","status-publish","hentry"],"uagb_featured_image_src":{"full":false,"thumbnail":false,"medium":false,"medium_large":false,"large":false,"1536x1536":false,"2048x2048":false,"hp_square_small":false,"hp_landscape_small":false,"hp_landscape_large":false,"mailpoet_newsletter_max":false,"woocommerce_thumbnail":false,"woocommerce_single":false,"woocommerce_gallery_thumbnail":false},"uagb_author_info":{"display_name":"Elhassan","author_link":"https:\/\/amazighstyles.com\/?author=1"},"uagb_comment_info":0,"uagb_excerpt":"A propos Global Pack lobal Pack est une soci\u00e9t\u00e9 sp\u00e9cialis\u00e9e dans le domaine de l&#8217;emballage, offrant une large gamme de solutions innovantes et durables pour r\u00e9pondre aux besoins de ses clients. Avec une pr\u00e9sence mondiale et une r\u00e9putation solide, Global Pack s&#8217;est impos\u00e9e comme un leader dans l&#8217;industrie de l&#8217;emballage. Notre soci\u00e9t\u00e9 offre une large\u2026","_links":{"self":[{"href":"https:\/\/amazighstyles.com\/index.php?rest_route=\/wp\/v2\/pages\/96","targetHints":{"allow":["GET"]}}],"collection":[{"href":"https:\/\/amazighstyles.com\/index.php?rest_route=\/wp\/v2\/pages"}],"about":[{"href":"https:\/\/amazighstyles.com\/index.php?rest_route=\/wp\/v2\/types\/page"}],"author":[{"embeddable":true,"href":"https:\/\/amazighstyles.com\/index.php?rest_route=\/wp\/v2\/users\/1"}],"replies":[{"embeddable":true,"href":"https:\/\/amazighstyles.com\/index.php?rest_route=%2Fwp%2Fv2%2Fcomments&post=96"}],"version-history":[{"count":6,"href":"https:\/\/amazighstyles.com\/index.php?rest_route=\/wp\/v2\/pages\/96\/revisions"}],"predecessor-version":[{"id":6327,"href":"https:\/\/amazighstyles.com\/index.php?rest_route=\/wp\/v2\/pages\/96\/revisions\/6327"}],"wp:attachment":[{"href":"https:\/\/amazighstyles.com\/index.php?rest_route=%2Fwp%2Fv2%2Fmedia&parent=96"}],"curies":[{"name":"wp","href":"https:\/\/api.w.org\/{rel}","templated":true}]}}