{"id":5956,"date":"2023-05-31T15:44:28","date_gmt":"2023-05-31T14:44:28","guid":{"rendered":"https:\/\/amazighstyles.com\/?post_type=product&#038;p=5956"},"modified":"2023-06-03T12:06:05","modified_gmt":"2023-06-03T11:06:05","slug":"sachet-e-commerce-premium-e6-40x505","status":"publish","type":"product","link":"https:\/\/amazighstyles.com\/?product=sachet-e-commerce-premium-e6-40x505","title":{"rendered":"Sachet E-Commerce Premium E6 \u2013 40\u00d750+5"},"content":{"rendered":"<p><span data-sheets-value=\"{&quot;1&quot;:2,&quot;2&quot;:&quot;Sachet Premium ind\u00e9chirable et souple\\n\\nImperm\u00e9able et l\u00e9ger\\nTotalement opaque pour une confidentialit\u00e9 assur\u00e9e\\nLes mailing Bags sont parfaitement adapt\u00e9s pour exp\u00e9dier des v\u00eatements et des produits l\u00e9gers d\u2019une fa\u00e7on confidentielle et \u00e0 l'abri de l'humidit\u00e9.\\nIls sont \u00e9conomiques et l\u00e9gers, pour r\u00e9duire le poids et le volume de vos envois et vous permettre d'\u00e9conomiser sur les frais de livraison.\\nCes sachets, fabriqu\u00e9es en poly\u00e9thyl\u00e8ne tr\u00e8s r\u00e9sistant et imperm\u00e9able, cachent compl\u00e8tement leur contenu, ce qui \u00e9limine les tentations et contribue \u00e0 pr\u00e9venir le vol.\\n\\n\\nYoupack encourage les produits recycl\u00e9s et recyclables pour mieux prot\u00e9ger l'environnement : ce produit est fabriqu\u00e9 \u00e0 partir de poly\u00e9thyl\u00e8ne recyclable.&quot;}\" data-sheets-userformat=\"{&quot;2&quot;:11011,&quot;3&quot;:{&quot;1&quot;:0},&quot;4&quot;:{&quot;1&quot;:3,&quot;3&quot;:2},&quot;11&quot;:4,&quot;12&quot;:0,&quot;14&quot;:{&quot;1&quot;:3,&quot;3&quot;:1},&quot;16&quot;:11}\"><strong>Sachet Premium ind\u00e9chirable et souple<\/strong><\/span><\/p>\n<ul>\n<li><span data-sheets-value=\"{&quot;1&quot;:2,&quot;2&quot;:&quot;Sachet Premium ind\u00e9chirable et souple\\n\\nImperm\u00e9able et l\u00e9ger\\nTotalement opaque pour une confidentialit\u00e9 assur\u00e9e\\nLes mailing Bags sont parfaitement adapt\u00e9s pour exp\u00e9dier des v\u00eatements et des produits l\u00e9gers d\u2019une fa\u00e7on confidentielle et \u00e0 l'abri de l'humidit\u00e9.\\nIls sont \u00e9conomiques et l\u00e9gers, pour r\u00e9duire le poids et le volume de vos envois et vous permettre d'\u00e9conomiser sur les frais de livraison.\\nCes sachets, fabriqu\u00e9es en poly\u00e9thyl\u00e8ne tr\u00e8s r\u00e9sistant et imperm\u00e9able, cachent compl\u00e8tement leur contenu, ce qui \u00e9limine les tentations et contribue \u00e0 pr\u00e9venir le vol.\\n\\n\\nYoupack encourage les produits recycl\u00e9s et recyclables pour mieux prot\u00e9ger l'environnement : ce produit est fabriqu\u00e9 \u00e0 partir de poly\u00e9thyl\u00e8ne recyclable.&quot;}\" data-sheets-userformat=\"{&quot;2&quot;:11011,&quot;3&quot;:{&quot;1&quot;:0},&quot;4&quot;:{&quot;1&quot;:3,&quot;3&quot;:2},&quot;11&quot;:4,&quot;12&quot;:0,&quot;14&quot;:{&quot;1&quot;:3,&quot;3&quot;:1},&quot;16&quot;:11}\">Imperm\u00e9able et l\u00e9ger<br \/>\n<\/span><\/li>\n<li><span data-sheets-value=\"{&quot;1&quot;:2,&quot;2&quot;:&quot;Sachet Premium ind\u00e9chirable et souple\\n\\nImperm\u00e9able et l\u00e9ger\\nTotalement opaque pour une confidentialit\u00e9 assur\u00e9e\\nLes mailing Bags sont parfaitement adapt\u00e9s pour exp\u00e9dier des v\u00eatements et des produits l\u00e9gers d\u2019une fa\u00e7on confidentielle et \u00e0 l'abri de l'humidit\u00e9.\\nIls sont \u00e9conomiques et l\u00e9gers, pour r\u00e9duire le poids et le volume de vos envois et vous permettre d'\u00e9conomiser sur les frais de livraison.\\nCes sachets, fabriqu\u00e9es en poly\u00e9thyl\u00e8ne tr\u00e8s r\u00e9sistant et imperm\u00e9able, cachent compl\u00e8tement leur contenu, ce qui \u00e9limine les tentations et contribue \u00e0 pr\u00e9venir le vol.\\n\\n\\nYoupack encourage les produits recycl\u00e9s et recyclables pour mieux prot\u00e9ger l'environnement : ce produit est fabriqu\u00e9 \u00e0 partir de poly\u00e9thyl\u00e8ne recyclable.&quot;}\" data-sheets-userformat=\"{&quot;2&quot;:11011,&quot;3&quot;:{&quot;1&quot;:0},&quot;4&quot;:{&quot;1&quot;:3,&quot;3&quot;:2},&quot;11&quot;:4,&quot;12&quot;:0,&quot;14&quot;:{&quot;1&quot;:3,&quot;3&quot;:1},&quot;16&quot;:11}\">Totalement opaque pour une confidentialit\u00e9 assur\u00e9e<br \/>\n<\/span><\/li>\n<li><span data-sheets-value=\"{&quot;1&quot;:2,&quot;2&quot;:&quot;Sachet Premium ind\u00e9chirable et souple\\n\\nImperm\u00e9able et l\u00e9ger\\nTotalement opaque pour une confidentialit\u00e9 assur\u00e9e\\nLes mailing Bags sont parfaitement adapt\u00e9s pour exp\u00e9dier des v\u00eatements et des produits l\u00e9gers d\u2019une fa\u00e7on confidentielle et \u00e0 l'abri de l'humidit\u00e9.\\nIls sont \u00e9conomiques et l\u00e9gers, pour r\u00e9duire le poids et le volume de vos envois et vous permettre d'\u00e9conomiser sur les frais de livraison.\\nCes sachets, fabriqu\u00e9es en poly\u00e9thyl\u00e8ne tr\u00e8s r\u00e9sistant et imperm\u00e9able, cachent compl\u00e8tement leur contenu, ce qui \u00e9limine les tentations et contribue \u00e0 pr\u00e9venir le vol.\\n\\n\\nYoupack encourage les produits recycl\u00e9s et recyclables pour mieux prot\u00e9ger l'environnement : ce produit est fabriqu\u00e9 \u00e0 partir de poly\u00e9thyl\u00e8ne recyclable.&quot;}\" data-sheets-userformat=\"{&quot;2&quot;:11011,&quot;3&quot;:{&quot;1&quot;:0},&quot;4&quot;:{&quot;1&quot;:3,&quot;3&quot;:2},&quot;11&quot;:4,&quot;12&quot;:0,&quot;14&quot;:{&quot;1&quot;:3,&quot;3&quot;:1},&quot;16&quot;:11}\">Les mailing Bags sont parfaitement adapt\u00e9s pour exp\u00e9dier des v\u00eatements et des produits l\u00e9gers d\u2019une fa\u00e7on confidentielle et \u00e0 l\u2019abri de l\u2019humidit\u00e9.<br \/>\n<\/span><\/li>\n<li><span data-sheets-value=\"{&quot;1&quot;:2,&quot;2&quot;:&quot;Sachet Premium ind\u00e9chirable et souple\\n\\nImperm\u00e9able et l\u00e9ger\\nTotalement opaque pour une confidentialit\u00e9 assur\u00e9e\\nLes mailing Bags sont parfaitement adapt\u00e9s pour exp\u00e9dier des v\u00eatements et des produits l\u00e9gers d\u2019une fa\u00e7on confidentielle et \u00e0 l'abri de l'humidit\u00e9.\\nIls sont \u00e9conomiques et l\u00e9gers, pour r\u00e9duire le poids et le volume de vos envois et vous permettre d'\u00e9conomiser sur les frais de livraison.\\nCes sachets, fabriqu\u00e9es en poly\u00e9thyl\u00e8ne tr\u00e8s r\u00e9sistant et imperm\u00e9able, cachent compl\u00e8tement leur contenu, ce qui \u00e9limine les tentations et contribue \u00e0 pr\u00e9venir le vol.\\n\\n\\nYoupack encourage les produits recycl\u00e9s et recyclables pour mieux prot\u00e9ger l'environnement : ce produit est fabriqu\u00e9 \u00e0 partir de poly\u00e9thyl\u00e8ne recyclable.&quot;}\" data-sheets-userformat=\"{&quot;2&quot;:11011,&quot;3&quot;:{&quot;1&quot;:0},&quot;4&quot;:{&quot;1&quot;:3,&quot;3&quot;:2},&quot;11&quot;:4,&quot;12&quot;:0,&quot;14&quot;:{&quot;1&quot;:3,&quot;3&quot;:1},&quot;16&quot;:11}\">Ils sont \u00e9conomiques et l\u00e9gers, pour r\u00e9duire le poids et le volume de vos envois et vous permettre d\u2019\u00e9conomiser sur les frais de livraison.<br \/>\n<\/span><\/li>\n<li><span data-sheets-value=\"{&quot;1&quot;:2,&quot;2&quot;:&quot;Sachet Premium ind\u00e9chirable et souple\\n\\nImperm\u00e9able et l\u00e9ger\\nTotalement opaque pour une confidentialit\u00e9 assur\u00e9e\\nLes mailing Bags sont parfaitement adapt\u00e9s pour exp\u00e9dier des v\u00eatements et des produits l\u00e9gers d\u2019une fa\u00e7on confidentielle et \u00e0 l'abri de l'humidit\u00e9.\\nIls sont \u00e9conomiques et l\u00e9gers, pour r\u00e9duire le poids et le volume de vos envois et vous permettre d'\u00e9conomiser sur les frais de livraison.\\nCes sachets, fabriqu\u00e9es en poly\u00e9thyl\u00e8ne tr\u00e8s r\u00e9sistant et imperm\u00e9able, cachent compl\u00e8tement leur contenu, ce qui \u00e9limine les tentations et contribue \u00e0 pr\u00e9venir le vol.\\n\\n\\nYoupack encourage les produits recycl\u00e9s et recyclables pour mieux prot\u00e9ger l'environnement : ce produit est fabriqu\u00e9 \u00e0 partir de poly\u00e9thyl\u00e8ne recyclable.&quot;}\" data-sheets-userformat=\"{&quot;2&quot;:11011,&quot;3&quot;:{&quot;1&quot;:0},&quot;4&quot;:{&quot;1&quot;:3,&quot;3&quot;:2},&quot;11&quot;:4,&quot;12&quot;:0,&quot;14&quot;:{&quot;1&quot;:3,&quot;3&quot;:1},&quot;16&quot;:11}\">Ces sachets, fabriqu\u00e9es en poly\u00e9thyl\u00e8ne tr\u00e8s r\u00e9sistant et imperm\u00e9able, cachent compl\u00e8tement leur contenu, ce qui \u00e9limine les tentations et contribue \u00e0 pr\u00e9venir le vol.<\/span><\/li>\n<\/ul>\n","protected":false},"excerpt":{"rendered":"<p>Sachet Premium ind\u00e9chirable et souple Imperm\u00e9able et l\u00e9ger Totalement opaque pour une confidentialit\u00e9 assur\u00e9e Les mailing Bags sont parfaitement adapt\u00e9s pour exp\u00e9dier des v\u00eatements et des produits l\u00e9gers d\u2019une fa\u00e7on confidentielle et \u00e0 l\u2019abri de l\u2019humidit\u00e9. Ils sont \u00e9conomiques et l\u00e9gers, pour r\u00e9duire le poids et le volume de vos envois et vous permettre d\u2019\u00e9conomiser &hellip;<\/p>\n<p class=\"read-more\"> <a class=\"\" href=\"https:\/\/amazighstyles.com\/?product=sachet-e-commerce-premium-e6-40x505\"> <span class=\"screen-reader-text\">Sachet E-Commerce Premium E6 \u2013 40\u00d750+5<\/span> Lire la suite\u00a0\u00bb<\/a><\/p>\n","protected":false},"featured_media":5957,"template":"","meta":{"_uag_custom_page_level_css":"","_mi_skip_tracking":false,"_monsterinsights_sitenote_active":false,"_monsterinsights_sitenote_note":"","_monsterinsights_sitenote_category":0,"site-sidebar-layout":"default","site-content-layout":"default","ast-global-header-display":"","ast-banner-title-visibility":"","ast-main-header-display":"","ast-hfb-above-header-display":"","ast-hfb-below-header-display":"","ast-hfb-mobile-header-display":"","site-post-title":"","ast-breadcrumbs-content":"","ast-featured-img":"","footer-sml-layout":"","theme-transparent-header-meta":"default","adv-header-id-meta":"","stick-header-meta":"","header-above-stick-meta":"","header-main-stick-meta":"","header-below-stick-meta":""},"product_cat":[185],"product_tag":[],"class_list":{"0":"post-5956","1":"product","2":"type-product","3":"status-publish","4":"has-post-thumbnail","6":"product_cat-sachets","7":"pa_pack-220","8":"pa_pack-223","9":"pa_pack-224","10":"pa_pack-221","11":"pa_pack-219","12":"pa_pack-222","13":"desktop-align-center","14":"tablet-align-center","15":"mobile-align-center","17":"first","18":"instock","19":"shipping-taxable","20":"purchasable","21":"product-type-variable","22":"has-default-attributes"},"uagb_featured_image_src":{"full":["https:\/\/amazighstyles.com\/wp-content\/uploads\/2023\/05\/Design-sans-titre-4.png",500,500,false],"thumbnail":["https:\/\/amazighstyles.com\/wp-content\/uploads\/2023\/05\/Design-sans-titre-4-150x150.png",150,150,true],"medium":["https:\/\/amazighstyles.com\/wp-content\/uploads\/2023\/05\/Design-sans-titre-4-300x300.png",300,300,true],"medium_large":["https:\/\/amazighstyles.com\/wp-content\/uploads\/2023\/05\/Design-sans-titre-4.png",500,500,false],"large":["https:\/\/amazighstyles.com\/wp-content\/uploads\/2023\/05\/Design-sans-titre-4.png",500,500,false],"1536x1536":["https:\/\/amazighstyles.com\/wp-content\/uploads\/2023\/05\/Design-sans-titre-4.png",500,500,false],"2048x2048":["https:\/\/amazighstyles.com\/wp-content\/uploads\/2023\/05\/Design-sans-titre-4.png",500,500,false],"hp_square_small":["https:\/\/amazighstyles.com\/wp-content\/uploads\/2023\/05\/Design-sans-titre-4.png",400,400,false],"hp_landscape_small":["https:\/\/amazighstyles.com\/wp-content\/uploads\/2023\/05\/Design-sans-titre-4.png",300,300,false],"hp_landscape_large":["https:\/\/amazighstyles.com\/wp-content\/uploads\/2023\/05\/Design-sans-titre-4.png",500,500,false],"mailpoet_newsletter_max":["https:\/\/amazighstyles.com\/wp-content\/uploads\/2023\/05\/Design-sans-titre-4.png",500,500,false],"woocommerce_thumbnail":["https:\/\/amazighstyles.com\/wp-content\/uploads\/2023\/05\/Design-sans-titre-4-300x225.png",300,225,true],"woocommerce_single":["https:\/\/amazighstyles.com\/wp-content\/uploads\/2023\/05\/Design-sans-titre-4-400x400.png",400,400,true],"woocommerce_gallery_thumbnail":["https:\/\/amazighstyles.com\/wp-content\/uploads\/2023\/05\/Design-sans-titre-4-100x100.png",100,100,true]},"uagb_author_info":{"display_name":"Elhassan","author_link":"https:\/\/amazighstyles.com\/?author=0"},"uagb_comment_info":0,"uagb_excerpt":"Sachet Premium ind\u00e9chirable et souple Imperm\u00e9able et l\u00e9ger Totalement opaque pour une confidentialit\u00e9 assur\u00e9e Les mailing Bags sont parfaitement adapt\u00e9s pour exp\u00e9dier des v\u00eatements et des produits l\u00e9gers d\u2019une fa\u00e7on confidentielle et \u00e0 l\u2019abri de l\u2019humidit\u00e9. Ils sont \u00e9conomiques et l\u00e9gers, pour r\u00e9duire le poids et le volume de vos envois et vous permettre d\u2019\u00e9conomiser\u2026","_links":{"self":[{"href":"https:\/\/amazighstyles.com\/index.php?rest_route=\/wp\/v2\/product\/5956","targetHints":{"allow":["GET"]}}],"collection":[{"href":"https:\/\/amazighstyles.com\/index.php?rest_route=\/wp\/v2\/product"}],"about":[{"href":"https:\/\/amazighstyles.com\/index.php?rest_route=\/wp\/v2\/types\/product"}],"wp:featuredmedia":[{"embeddable":true,"href":"https:\/\/amazighstyles.com\/index.php?rest_route=\/wp\/v2\/media\/5957"}],"wp:attachment":[{"href":"https:\/\/amazighstyles.com\/index.php?rest_route=%2Fwp%2Fv2%2Fmedia&parent=5956"}],"wp:term":[{"taxonomy":"product_cat","embeddable":true,"href":"https:\/\/amazighstyles.com\/index.php?rest_route=%2Fwp%2Fv2%2Fproduct_cat&post=5956"},{"taxonomy":"product_tag","embeddable":true,"href":"https:\/\/amazighstyles.com\/index.php?rest_route=%2Fwp%2Fv2%2Fproduct_tag&post=5956"}],"curies":[{"name":"wp","href":"https:\/\/api.w.org\/{rel}","templated":true}]}}